{"id":21,"date":"2017-01-29T18:05:09","date_gmt":"2017-01-29T17:05:09","guid":{"rendered":"http:\/\/take-it.ovh\/?page_id=21"},"modified":"2017-01-29T18:26:17","modified_gmt":"2017-01-29T17:26:17","slug":"accueil","status":"publish","type":"page","link":"https:\/\/take-it.ovh\/index.php\/accueil\/","title":{"rendered":"Accueil"},"content":{"rendered":"<p>Bienvenue!<\/p>\n<p>Take-IT.ovh se veut un site de prises de notes que\u00a0sur de petits sujets de recherche&#8230; Pas la grande Recherche &amp; D\u00e9veloppement mais plut\u00f4t un aide m\u00e9moire sur mes recherches faites sur internet ou autre pour r\u00e9pondre \u00e0 une id\u00e9e ou r\u00e9soudre un petit probl\u00e8me.<\/p>\n<p>Les sujets ne sont pas de pointe. Mais si je prends des notes dessus c&#8217;est parce je \u00a0n&#8217;ai pas trouv\u00e9 une r\u00e9ponse clef en main ou alors je ne l&#8217;ai comprise et j&#8217;ai du pousser plus loin.<\/p>\n<p>A bient\u00f4t<\/p>\n","protected":false},"excerpt":{"rendered":"<p>Bienvenue! Take-IT.ovh se veut un site de prises de notes que\u00a0sur de petits sujets de recherche&#8230; Pas la grande Recherche &amp; D\u00e9veloppement mais plut\u00f4t un aide m\u00e9moire sur mes recherches faites sur internet ou autre pour r\u00e9pondre \u00e0 une id\u00e9e ou r\u00e9soudre un petit probl\u00e8me. Les sujets ne sont pas de pointe. Mais si je &hellip; <a href=\"https:\/\/take-it.ovh\/index.php\/accueil\/\" class=\"more-link\">Continue reading <span class=\"screen-reader-text\">Accueil<\/span><\/a><\/p>\n","protected":false},"author":1,"featured_media":0,"parent":0,"menu_order":0,"comment_status":"closed","ping_status":"closed","template":"","meta":{"footnotes":""},"_links":{"self":[{"href":"https:\/\/take-it.ovh\/index.php\/wp-json\/wp\/v2\/pages\/21"}],"collection":[{"href":"https:\/\/take-it.ovh\/index.php\/wp-json\/wp\/v2\/pages"}],"about":[{"href":"https:\/\/take-it.ovh\/index.php\/wp-json\/wp\/v2\/types\/page"}],"author":[{"embeddable":true,"href":"https:\/\/take-it.ovh\/index.php\/wp-json\/wp\/v2\/users\/1"}],"replies":[{"embeddable":true,"href":"https:\/\/take-it.ovh\/index.php\/wp-json\/wp\/v2\/comments?post=21"}],"version-history":[{"count":2,"href":"https:\/\/take-it.ovh\/index.php\/wp-json\/wp\/v2\/pages\/21\/revisions"}],"predecessor-version":[{"id":43,"href":"https:\/\/take-it.ovh\/index.php\/wp-json\/wp\/v2\/pages\/21\/revisions\/43"}],"wp:attachment":[{"href":"https:\/\/take-it.ovh\/index.php\/wp-json\/wp\/v2\/media?parent=21"}],"curies":[{"name":"wp","href":"https:\/\/api.w.org\/{rel}","templated":true}]}}